{"id":998,"date":"2019-12-10T21:15:32","date_gmt":"2019-12-10T21:15:32","guid":{"rendered":"https:\/\/www.ologistics.com\/services\/seguimiento-de-cargas-en-transito\/"},"modified":"2023-03-01T11:19:46","modified_gmt":"2023-03-01T17:19:46","slug":"tracking-cargo-in-transit","status":"publish","type":"page","link":"https:\/\/www.ologistics.com\/en\/services\/tracking-cargo-in-transit\/","title":{"rendered":"Tracking cargo in transit"},"content":{"rendered":"","protected":false},"excerpt":{"rendered":"","protected":false},"author":2,"featured_media":0,"parent":483,"menu_order":0,"comment_status":"closed","ping_status":"closed","template":"","meta":{"footnotes":""},"class_list":["post-998","page","type-page","status-publish","hentry"],"yoast_head":"<!-- This site is optimized with the Yoast SEO plugin v26.7 - https:\/\/yoast.com\/wordpress\/plugins\/seo\/ -->\n<title>Seguimiento de cargas en tr\u00e1nsito Costa Rica y Centroam\u00e9rica | OLO Soluciones Log\u00edsticas<\/title>\n<meta name=\"description\" content=\"Le ofrecemos el tracking o seguimiento del trayecto de su carga, desde que se coloca su orden de compra hasta que su mercader\u00eda se encuentra en la bodega de destino.\" \/>\n<meta name=\"robots\" content=\"index, follow, max-snippet:-1, max-image-preview:large, max-video-preview:-1\" \/>\n<link rel=\"canonical\" href=\"https:\/\/www.ologistics.com\/en\/services\/tracking-cargo-in-transit\/\" \/>\n<meta property=\"og:locale\" content=\"en_US\" \/>\n<meta property=\"og:type\" content=\"article\" \/>\n<meta property=\"og:title\" content=\"Seguimiento de cargas en tr\u00e1nsito Costa Rica y Centroam\u00e9rica | OLO Soluciones Log\u00edsticas\" \/>\n<meta property=\"og:description\" content=\"Le ofrecemos el tracking o seguimiento del trayecto de su carga, desde que se coloca su orden de compra hasta que su mercader\u00eda se encuentra en la bodega de destino.\" \/>\n<meta property=\"og:url\" content=\"https:\/\/www.ologistics.com\/en\/services\/tracking-cargo-in-transit\/\" \/>\n<meta property=\"og:site_name\" content=\"OLO Soluciones Log\u00edsticas\" \/>\n<meta property=\"article:modified_time\" content=\"2023-03-01T17:19:46+00:00\" \/>\n<meta name=\"twitter:card\" content=\"summary_large_image\" \/>\n<script type=\"application\/ld+json\" class=\"yoast-schema-graph\">{\"@context\":\"https:\/\/schema.org\",\"@graph\":[{\"@type\":\"WebPage\",\"@id\":\"https:\/\/www.ologistics.com\/en\/services\/tracking-cargo-in-transit\/\",\"url\":\"https:\/\/www.ologistics.com\/en\/services\/tracking-cargo-in-transit\/\",\"name\":\"Seguimiento de cargas en tr\u00e1nsito Costa Rica y Centroam\u00e9rica | OLO Soluciones Log\u00edsticas\",\"isPartOf\":{\"@id\":\"https:\/\/www.ologistics.com\/en\/#website\"},\"datePublished\":\"2019-12-10T21:15:32+00:00\",\"dateModified\":\"2023-03-01T17:19:46+00:00\",\"description\":\"Le ofrecemos el tracking o seguimiento del trayecto de su carga, desde que se coloca su orden de compra hasta que su mercader\u00eda se encuentra en la bodega de destino.\",\"breadcrumb\":{\"@id\":\"https:\/\/www.ologistics.com\/en\/services\/tracking-cargo-in-transit\/#breadcrumb\"},\"inLanguage\":\"en-US\",\"potentialAction\":[{\"@type\":\"ReadAction\",\"target\":[\"https:\/\/www.ologistics.com\/en\/services\/tracking-cargo-in-transit\/\"]}]},{\"@type\":\"BreadcrumbList\",\"@id\":\"https:\/\/www.ologistics.com\/en\/services\/tracking-cargo-in-transit\/#breadcrumb\",\"itemListElement\":[{\"@type\":\"ListItem\",\"position\":1,\"name\":\"Home\",\"item\":\"https:\/\/www.ologistics.com\/en\/inicio\/\"},{\"@type\":\"ListItem\",\"position\":2,\"name\":\"Services\",\"item\":\"https:\/\/www.ologistics.com\/en\/services\/\"},{\"@type\":\"ListItem\",\"position\":3,\"name\":\"Tracking cargo in transit\"}]},{\"@type\":\"WebSite\",\"@id\":\"https:\/\/www.ologistics.com\/en\/#website\",\"url\":\"https:\/\/www.ologistics.com\/en\/\",\"name\":\"OLO Soluciones Log\u00edsticas\",\"description\":\"\",\"potentialAction\":[{\"@type\":\"SearchAction\",\"target\":{\"@type\":\"EntryPoint\",\"urlTemplate\":\"https:\/\/www.ologistics.com\/en\/?s={search_term_string}\"},\"query-input\":{\"@type\":\"PropertyValueSpecification\",\"valueRequired\":true,\"valueName\":\"search_term_string\"}}],\"inLanguage\":\"en-US\"}]}<\/script>\n<!-- \/ Yoast SEO plugin. -->","yoast_head_json":{"title":"Seguimiento de cargas en tr\u00e1nsito Costa Rica y Centroam\u00e9rica | OLO Soluciones Log\u00edsticas","description":"Le ofrecemos el tracking o seguimiento del trayecto de su carga, desde que se coloca su orden de compra hasta que su mercader\u00eda se encuentra en la bodega de destino.","robots":{"index":"index","follow":"follow","max-snippet":"max-snippet:-1","max-image-preview":"max-image-preview:large","max-video-preview":"max-video-preview:-1"},"canonical":"https:\/\/www.ologistics.com\/en\/services\/tracking-cargo-in-transit\/","og_locale":"en_US","og_type":"article","og_title":"Seguimiento de cargas en tr\u00e1nsito Costa Rica y Centroam\u00e9rica | OLO Soluciones Log\u00edsticas","og_description":"Le ofrecemos el tracking o seguimiento del trayecto de su carga, desde que se coloca su orden de compra hasta que su mercader\u00eda se encuentra en la bodega de destino.","og_url":"https:\/\/www.ologistics.com\/en\/services\/tracking-cargo-in-transit\/","og_site_name":"OLO Soluciones Log\u00edsticas","article_modified_time":"2023-03-01T17:19:46+00:00","twitter_card":"summary_large_image","schema":{"@context":"https:\/\/schema.org","@graph":[{"@type":"WebPage","@id":"https:\/\/www.ologistics.com\/en\/services\/tracking-cargo-in-transit\/","url":"https:\/\/www.ologistics.com\/en\/services\/tracking-cargo-in-transit\/","name":"Seguimiento de cargas en tr\u00e1nsito Costa Rica y Centroam\u00e9rica | OLO Soluciones Log\u00edsticas","isPartOf":{"@id":"https:\/\/www.ologistics.com\/en\/#website"},"datePublished":"2019-12-10T21:15:32+00:00","dateModified":"2023-03-01T17:19:46+00:00","description":"Le ofrecemos el tracking o seguimiento del trayecto de su carga, desde que se coloca su orden de compra hasta que su mercader\u00eda se encuentra en la bodega de destino.","breadcrumb":{"@id":"https:\/\/www.ologistics.com\/en\/services\/tracking-cargo-in-transit\/#breadcrumb"},"inLanguage":"en-US","potentialAction":[{"@type":"ReadAction","target":["https:\/\/www.ologistics.com\/en\/services\/tracking-cargo-in-transit\/"]}]},{"@type":"BreadcrumbList","@id":"https:\/\/www.ologistics.com\/en\/services\/tracking-cargo-in-transit\/#breadcrumb","itemListElement":[{"@type":"ListItem","position":1,"name":"Home","item":"https:\/\/www.ologistics.com\/en\/inicio\/"},{"@type":"ListItem","position":2,"name":"Services","item":"https:\/\/www.ologistics.com\/en\/services\/"},{"@type":"ListItem","position":3,"name":"Tracking cargo in transit"}]},{"@type":"WebSite","@id":"https:\/\/www.ologistics.com\/en\/#website","url":"https:\/\/www.ologistics.com\/en\/","name":"OLO Soluciones Log\u00edsticas","description":"","potentialAction":[{"@type":"SearchAction","target":{"@type":"EntryPoint","urlTemplate":"https:\/\/www.ologistics.com\/en\/?s={search_term_string}"},"query-input":{"@type":"PropertyValueSpecification","valueRequired":true,"valueName":"search_term_string"}}],"inLanguage":"en-US"}]}},"_links":{"self":[{"href":"https:\/\/www.ologistics.com\/en\/wp-json\/wp\/v2\/pages\/998","targetHints":{"allow":["GET"]}}],"collection":[{"href":"https:\/\/www.ologistics.com\/en\/wp-json\/wp\/v2\/pages"}],"about":[{"href":"https:\/\/www.ologistics.com\/en\/wp-json\/wp\/v2\/types\/page"}],"author":[{"embeddable":true,"href":"https:\/\/www.ologistics.com\/en\/wp-json\/wp\/v2\/users\/2"}],"replies":[{"embeddable":true,"href":"https:\/\/www.ologistics.com\/en\/wp-json\/wp\/v2\/comments?post=998"}],"version-history":[{"count":1,"href":"https:\/\/www.ologistics.com\/en\/wp-json\/wp\/v2\/pages\/998\/revisions"}],"predecessor-version":[{"id":999,"href":"https:\/\/www.ologistics.com\/en\/wp-json\/wp\/v2\/pages\/998\/revisions\/999"}],"up":[{"embeddable":true,"href":"https:\/\/www.ologistics.com\/en\/wp-json\/wp\/v2\/pages\/483"}],"wp:attachment":[{"href":"https:\/\/www.ologistics.com\/en\/wp-json\/wp\/v2\/media?parent=998"}],"curies":[{"name":"wp","href":"https:\/\/api.w.org\/{rel}","templated":true}]}}